{"id":2442,"date":"2020-05-04T15:12:54","date_gmt":"2020-05-04T18:12:54","guid":{"rendered":"https:\/\/gonabee.com.br\/?page_id=2442"},"modified":"2020-05-04T19:43:22","modified_gmt":"2020-05-04T22:43:22","slug":"pagina-de-agradecimento","status":"publish","type":"page","link":"https:\/\/gonabee.com.br\/index.php\/pagina-de-agradecimento\/","title":{"rendered":"P\u00e1gina de Agradecimento"},"content":{"rendered":"\t\t<div data-elementor-type=\"wp-page\" data-elementor-id=\"2442\" class=\"elementor elementor-2442\">\n\t\t\t\t\t\t<section class=\"elementor-section elementor-top-section elementor-element elementor-element-fd22fb9 elementor-section-stretched elementor-section-full_width elementor-section-content-middle elementor-section-height-default elementor-section-height-default\" data-id=\"fd22fb9\" data-element_type=\"section\" id=\"stickymenu001\" data-settings=\"{&quot;stretch_section&quot;:&quot;section-stretched&quot;,&quot;background_background&quot;:&quot;classic&quot;}\">\n\t\t\t\t\t\t<div class=\"elementor-container elementor-column-gap-default\">\n\t\t\t\t\t<div class=\"elementor-column elementor-col-100 elementor-top-column elementor-element elementor-element-348a2b7e\" data-id=\"348a2b7e\" data-element_type=\"column\">\n\t\t\t<div class=\"elementor-widget-wrap elementor-element-populated\">\n\t\t\t\t\t\t<div class=\"elementor-element elementor-element-55852ad8 elementor-widget elementor-widget-image\" data-id=\"55852ad8\" data-element_type=\"widget\" data-widget_type=\"image.default\">\n\t\t\t\t<div class=\"elementor-widget-container\">\n\t\t\t\t\t\t\t\t\t\t\t\t\t\t<a href=\"\/\">\n\t\t\t\t\t\t\t<img fetchpriority=\"high\" decoding=\"async\" width=\"640\" height=\"360\" src=\"https:\/\/gonabee.com.br\/wp-content\/uploads\/2019\/10\/gonabee1-1024x576.png\" class=\"attachment-large size-large wp-image-48\" alt=\"\" srcset=\"https:\/\/gonabee.com.br\/wp-content\/uploads\/2019\/10\/gonabee1-1024x576.png 1024w, https:\/\/gonabee.com.br\/wp-content\/uploads\/2019\/10\/gonabee1-300x169.png 300w, https:\/\/gonabee.com.br\/wp-content\/uploads\/2019\/10\/gonabee1-768x432.png 768w, https:\/\/gonabee.com.br\/wp-content\/uploads\/2019\/10\/gonabee1-1568x882.png 1568w, https:\/\/gonabee.com.br\/wp-content\/uploads\/2019\/10\/gonabee1.png 1920w\" sizes=\"(max-width: 34.9rem) calc(100vw - 2rem), (max-width: 53rem) calc(8 * (100vw \/ 12)), (min-width: 53rem) calc(6 * (100vw \/ 12)), 100vw\" \/>\t\t\t\t\t\t\t\t<\/a>\n\t\t\t\t\t\t\t\t\t\t\t\t\t<\/div>\n\t\t\t\t<\/div>\n\t\t\t\t\t<\/div>\n\t\t<\/div>\n\t\t\t\t\t<\/div>\n\t\t<\/section>\n\t\t\t\t<section class=\"elementor-section elementor-top-section elementor-element elementor-element-9dd4396 elementor-section-boxed elementor-section-height-default elementor-section-height-default\" data-id=\"9dd4396\" data-element_type=\"section\" data-settings=\"{&quot;background_background&quot;:&quot;classic&quot;}\">\n\t\t\t\t\t\t\t<div class=\"elementor-background-overlay\"><\/div>\n\t\t\t\t\t\t\t<div class=\"elementor-container elementor-column-gap-default\">\n\t\t\t\t\t<div class=\"elementor-column elementor-col-100 elementor-top-column elementor-element elementor-element-769edaf\" data-id=\"769edaf\" data-element_type=\"column\">\n\t\t\t<div class=\"elementor-widget-wrap elementor-element-populated\">\n\t\t\t\t\t\t<div class=\"elementor-element elementor-element-d4f0e27 elementor-widget elementor-widget-spacer\" data-id=\"d4f0e27\" data-element_type=\"widget\" data-widget_type=\"spacer.default\">\n\t\t\t\t<div class=\"elementor-widget-container\">\n\t\t\t\t\t<div class=\"elementor-spacer\">\n\t\t\t<div class=\"elementor-spacer-inner\"><\/div>\n\t\t<\/div>\n\t\t\t\t<\/div>\n\t\t\t\t<\/div>\n\t\t\t\t<div class=\"elementor-element elementor-element-a95b5ac elementor-widget elementor-widget-heading\" data-id=\"a95b5ac\" data-element_type=\"widget\" data-widget_type=\"heading.default\">\n\t\t\t\t<div class=\"elementor-widget-container\">\n\t\t\t<h3 class=\"elementor-heading-title elementor-size-xxl\">Parab\u00e9ns!<\/h3>\t\t<\/div>\n\t\t\t\t<\/div>\n\t\t\t\t<div class=\"elementor-element elementor-element-509c61f elementor-widget elementor-widget-text-editor\" data-id=\"509c61f\" data-element_type=\"widget\" data-widget_type=\"text-editor.default\">\n\t\t\t\t<div class=\"elementor-widget-container\">\n\t\t\t\t\t\t\t<h5 style=\"text-align: center;\"><span style=\"color: #333333;\">Bem vindo ao Time dos que est\u00e3o em busca da aprova\u00e7\u00e3o no TCC! Que bom que voc\u00ea est\u00e1 no caminho certo! A partir de hoje voc\u00ea n\u00e3o est\u00e1 mais sozinho nessa miss\u00e3o porque n\u00f3s da gonabee estamos juntos com voc\u00ea.<\/span><\/h5><h5 style=\"text-align: center;\"><span style=\"color: #333333;\">Por esse motivo, vamos lhe apresentar agora um treinamento que pode fazer toda a diferen\u00e7a na sua jornada, o treinamento do Professor Almilton Quintela!<\/span><br \/><span style=\"color: #333333;\">(Em alguns segundos voc\u00ea ser\u00e1 redirecionado para o v\u00eddeo)<\/span><\/h5><h5 style=\"text-align: center;\"><span style=\"color: #333333;\">Assista o v\u00eddeo e descubra como o treinamento pode ser a solu\u00e7\u00e3o que voc\u00ea precisa agora!<\/span><\/h5>\t\t\t\t\t\t<\/div>\n\t\t\t\t<\/div>\n\t\t\t\t\t<\/div>\n\t\t<\/div>\n\t\t\t\t\t<\/div>\n\t\t<\/section>\n\t\t\t\t<section class=\"elementor-section elementor-top-section elementor-element elementor-element-731608e animated-slow elementor-section-boxed elementor-section-height-default elementor-section-height-default elementor-invisible\" data-id=\"731608e\" data-element_type=\"section\" data-settings=\"{&quot;animation&quot;:&quot;fadeIn&quot;,&quot;animation_delay&quot;:1000}\">\n\t\t\t\t\t\t<div class=\"elementor-container elementor-column-gap-default\">\n\t\t\t\t\t<div class=\"elementor-column elementor-col-100 elementor-top-column elementor-element elementor-element-2370cf0\" data-id=\"2370cf0\" data-element_type=\"column\">\n\t\t\t<div class=\"elementor-widget-wrap elementor-element-populated\">\n\t\t\t\t\t\t<div class=\"elementor-element elementor-element-f0d10a5 elementor-button-success elementor-align-center elementor-widget elementor-widget-button\" data-id=\"f0d10a5\" data-element_type=\"widget\" data-widget_type=\"button.default\">\n\t\t\t\t<div class=\"elementor-widget-container\">\n\t\t\t\t\t<div class=\"elementor-button-wrapper\">\n\t\t\t<a class=\"elementor-button elementor-button-link elementor-size-xl\" href=\"https:\/\/go.hotmart.com\/I20397285W?src=botao_pagina_agradecimento\">\n\t\t\t\t\t\t<span class=\"elementor-button-content-wrapper\">\n\t\t\t\t\t\t<span class=\"elementor-button-icon\">\n\t\t\t\t<i aria-hidden=\"true\" class=\"far fa-caret-square-right\"><\/i>\t\t\t<\/span>\n\t\t\t\t\t\t\t\t\t<span class=\"elementor-button-text\">Assistir v\u00eddeos agora<\/span>\n\t\t\t\t\t<\/span>\n\t\t\t\t\t<\/a>\n\t\t<\/div>\n\t\t\t\t<\/div>\n\t\t\t\t<\/div>\n\t\t\t\t<div class=\"elementor-element elementor-element-abbd4c1 elementor-widget elementor-widget-spacer\" data-id=\"abbd4c1\" data-element_type=\"widget\" data-widget_type=\"spacer.default\">\n\t\t\t\t<div class=\"elementor-widget-container\">\n\t\t\t\t\t<div class=\"elementor-spacer\">\n\t\t\t<div class=\"elementor-spacer-inner\"><\/div>\n\t\t<\/div>\n\t\t\t\t<\/div>\n\t\t\t\t<\/div>\n\t\t\t\t\t<\/div>\n\t\t<\/div>\n\t\t\t\t\t<\/div>\n\t\t<\/section>\n\t\t\t\t<section class=\"elementor-section elementor-top-section elementor-element elementor-element-7463547b elementor-section-boxed elementor-section-height-default elementor-section-height-default\" data-id=\"7463547b\" data-element_type=\"section\" data-settings=\"{&quot;background_background&quot;:&quot;classic&quot;}\">\n\t\t\t\t\t\t<div class=\"elementor-container elementor-column-gap-default\">\n\t\t\t\t\t<div class=\"elementor-column elementor-col-100 elementor-top-column elementor-element elementor-element-17ec1c8f\" data-id=\"17ec1c8f\" data-element_type=\"column\">\n\t\t\t<div class=\"elementor-widget-wrap elementor-element-populated\">\n\t\t\t\t\t\t<div class=\"elementor-element elementor-element-3a081354 elementor-widget-divider--view-line elementor-widget elementor-widget-divider\" data-id=\"3a081354\" data-element_type=\"widget\" data-widget_type=\"divider.default\">\n\t\t\t\t<div class=\"elementor-widget-container\">\n\t\t\t\t\t<div class=\"elementor-divider\">\n\t\t\t<span class=\"elementor-divider-separator\">\n\t\t\t\t\t\t<\/span>\n\t\t<\/div>\n\t\t\t\t<\/div>\n\t\t\t\t<\/div>\n\t\t\t\t<div class=\"elementor-element elementor-element-4246147e elementor-widget elementor-widget-heading\" data-id=\"4246147e\" data-element_type=\"widget\" data-widget_type=\"heading.default\">\n\t\t\t\t<div class=\"elementor-widget-container\">\n\t\t\t<div class=\"elementor-heading-title elementor-size-small\">Acreditamos que a educa\u00e7\u00e3o \u00e9 a melhor forma de transformar o Brasil em um pa\u00eds melhor para os brasileiros.<\/div>\t\t<\/div>\n\t\t\t\t<\/div>\n\t\t\t\t<div class=\"elementor-element elementor-element-441f77e9 elementor-widget elementor-widget-text-editor\" data-id=\"441f77e9\" data-element_type=\"widget\" data-widget_type=\"text-editor.default\">\n\t\t\t\t<div class=\"elementor-widget-container\">\n\t\t\t\t\t\t\t<h6 style=\"text-align: center;\"><span style=\"color: #ffffff;\">\u00a9 2019 \u00b7 gonabee Escola Digital. Todos os direitos reservados. <\/span><\/h6>\t\t\t\t\t\t<\/div>\n\t\t\t\t<\/div>\n\t\t\t\t<div class=\"elementor-element elementor-element-6c1475b5 elementor-shape-rounded elementor-grid-0 e-grid-align-center elementor-widget elementor-widget-social-icons\" data-id=\"6c1475b5\" data-element_type=\"widget\" data-widget_type=\"social-icons.default\">\n\t\t\t\t<div class=\"elementor-widget-container\">\n\t\t\t\t\t<div class=\"elementor-social-icons-wrapper elementor-grid\">\n\t\t\t\t\t\t\t<span class=\"elementor-grid-item\">\n\t\t\t\t\t<a class=\"elementor-icon elementor-social-icon elementor-social-icon-envelope elementor-repeater-item-a0c9336\" href=\"https:\/\/gonabee.com.br\/index.php\/contato\/\" target=\"_blank\">\n\t\t\t\t\t\t<span class=\"elementor-screen-only\">Envelope<\/span>\n\t\t\t\t\t\t<i class=\"fas fa-envelope\"><\/i>\t\t\t\t\t<\/a>\n\t\t\t\t<\/span>\n\t\t\t\t\t\t\t<span class=\"elementor-grid-item\">\n\t\t\t\t\t<a class=\"elementor-icon elementor-social-icon elementor-social-icon-youtube elementor-repeater-item-060872b\" target=\"_blank\">\n\t\t\t\t\t\t<span class=\"elementor-screen-only\">Youtube<\/span>\n\t\t\t\t\t\t<i class=\"fab fa-youtube\"><\/i>\t\t\t\t\t<\/a>\n\t\t\t\t<\/span>\n\t\t\t\t\t\t\t<span class=\"elementor-grid-item\">\n\t\t\t\t\t<a class=\"elementor-icon elementor-social-icon elementor-social-icon-facebook elementor-repeater-item-b3b3cd3\" href=\"https:\/\/www.facebook.com\/gonabeeEscolaDigital\/\" target=\"_blank\">\n\t\t\t\t\t\t<span class=\"elementor-screen-only\">Facebook<\/span>\n\t\t\t\t\t\t<i class=\"fab fa-facebook\"><\/i>\t\t\t\t\t<\/a>\n\t\t\t\t<\/span>\n\t\t\t\t\t\t\t<span class=\"elementor-grid-item\">\n\t\t\t\t\t<a class=\"elementor-icon elementor-social-icon elementor-social-icon-instagram elementor-repeater-item-eb56586\" href=\"https:\/\/www.instagram.com\/_gonabee\/?hl=pt-br\" target=\"_blank\">\n\t\t\t\t\t\t<span class=\"elementor-screen-only\">Instagram<\/span>\n\t\t\t\t\t\t<i class=\"fab fa-instagram\"><\/i>\t\t\t\t\t<\/a>\n\t\t\t\t<\/span>\n\t\t\t\t\t<\/div>\n\t\t\t\t<\/div>\n\t\t\t\t<\/div>\n\t\t\t\t<div class=\"elementor-element elementor-element-7736bc2e elementor-widget elementor-widget-spacer\" data-id=\"7736bc2e\" data-element_type=\"widget\" data-widget_type=\"spacer.default\">\n\t\t\t\t<div class=\"elementor-widget-container\">\n\t\t\t\t\t<div class=\"elementor-spacer\">\n\t\t\t<div class=\"elementor-spacer-inner\"><\/div>\n\t\t<\/div>\n\t\t\t\t<\/div>\n\t\t\t\t<\/div>\n\t\t\t\t<div class=\"elementor-element elementor-element-07b1abc elementor-widget elementor-widget-html\" data-id=\"07b1abc\" data-element_type=\"widget\" data-widget_type=\"html.default\">\n\t\t\t\t<div class=\"elementor-widget-container\">\n\t\t\t<meta http-equiv=\"refresh\" content=\"10; url=https:\/\/go.hotmart.com\/I20397285W?src=redir_aut_pag_agradecimento\">\t\t<\/div>\n\t\t\t\t<\/div>\n\t\t\t\t\t<\/div>\n\t\t<\/div>\n\t\t\t\t\t<\/div>\n\t\t<\/section>\n\t\t\t\t<\/div>\n\t\t","protected":false},"excerpt":{"rendered":"<p>Parab\u00e9ns! Bem vindo ao Time dos que est\u00e3o em busca da aprova\u00e7\u00e3o no TCC! Que bom que voc\u00ea est\u00e1 no caminho certo! A partir de hoje voc\u00ea n\u00e3o est\u00e1 mais sozinho nessa miss\u00e3o porque n\u00f3s da gonabee estamos juntos com voc\u00ea. Por esse motivo, vamos lhe apresentar agora um treinamento que pode fazer toda a &hellip; <\/p>\n<p class=\"link-more\"><a href=\"https:\/\/gonabee.com.br\/index.php\/pagina-de-agradecimento\/\" class=\"more-link\">Continue lendo<span class=\"screen-reader-text\"> &#8220;P\u00e1gina de Agradecimento&#8221;<\/span><\/a><\/p>\n","protected":false},"author":1,"featured_media":0,"parent":0,"menu_order":0,"comment_status":"closed","ping_status":"closed","template":"elementor_canvas","meta":{"_monsterinsights_skip_tracking":false,"_monsterinsights_sitenote_active":false,"_monsterinsights_sitenote_note":"","_monsterinsights_sitenote_category":0,"footnotes":""},"class_list":["post-2442","page","type-page","status-publish","hentry","entry"],"yoast_head":"<!-- This site is optimized with the Yoast SEO plugin v23.0 - https:\/\/yoast.com\/wordpress\/plugins\/seo\/ -->\n<title>P\u00e1gina de Agradecimento | gonabee<\/title>\n<meta name=\"description\" content=\"A gonabee \u00e9 a \u00fanica escola digital que desenvolve solu\u00e7\u00f5es e conte\u00fados em educa\u00e7\u00e3o para estudantes que desejam ser mais preparados e mais completos em todo o Brasil.\" \/>\n<meta name=\"robots\" content=\"index, follow, max-snippet:-1, max-image-preview:large, max-video-preview:-1\" \/>\n<link rel=\"canonical\" href=\"https:\/\/gonabee.com.br\/index.php\/pagina-de-agradecimento\/\" \/>\n<meta property=\"og:locale\" content=\"pt_BR\" \/>\n<meta property=\"og:type\" content=\"article\" \/>\n<meta property=\"og:title\" content=\"P\u00e1gina de Agradecimento | gonabee\" \/>\n<meta property=\"og:description\" content=\"A gonabee \u00e9 a \u00fanica escola digital que desenvolve solu\u00e7\u00f5es e conte\u00fados em educa\u00e7\u00e3o para estudantes que desejam ser mais preparados e mais completos em todo o Brasil.\" \/>\n<meta property=\"og:url\" content=\"https:\/\/gonabee.com.br\/index.php\/pagina-de-agradecimento\/\" \/>\n<meta property=\"og:site_name\" content=\"gonabee\" \/>\n<meta property=\"article:publisher\" content=\"https:\/\/www.facebook.com\/gonabeeEscolaDigital\/?modal=admin_todo_tour\" \/>\n<meta property=\"article:modified_time\" content=\"2020-05-04T22:43:22+00:00\" \/>\n<meta property=\"og:image\" content=\"https:\/\/gonabee.com.br\/wp-content\/uploads\/2019\/10\/gonabee1-1024x576.png\" \/>\n<meta name=\"twitter:card\" content=\"summary_large_image\" \/>\n<meta name=\"twitter:label1\" content=\"Est. tempo de leitura\" \/>\n\t<meta name=\"twitter:data1\" content=\"1 minuto\" \/>\n<script type=\"application\/ld+json\" class=\"yoast-schema-graph\">{\"@context\":\"https:\/\/schema.org\",\"@graph\":[{\"@type\":\"WebPage\",\"@id\":\"https:\/\/gonabee.com.br\/index.php\/pagina-de-agradecimento\/\",\"url\":\"https:\/\/gonabee.com.br\/index.php\/pagina-de-agradecimento\/\",\"name\":\"P\u00e1gina de Agradecimento | gonabee\",\"isPartOf\":{\"@id\":\"https:\/\/gonabee.com.br\/#website\"},\"primaryImageOfPage\":{\"@id\":\"https:\/\/gonabee.com.br\/index.php\/pagina-de-agradecimento\/#primaryimage\"},\"image\":{\"@id\":\"https:\/\/gonabee.com.br\/index.php\/pagina-de-agradecimento\/#primaryimage\"},\"thumbnailUrl\":\"https:\/\/gonabee.com.br\/wp-content\/uploads\/2019\/10\/gonabee1-1024x576.png\",\"datePublished\":\"2020-05-04T18:12:54+00:00\",\"dateModified\":\"2020-05-04T22:43:22+00:00\",\"description\":\"A gonabee \u00e9 a \u00fanica escola digital que desenvolve solu\u00e7\u00f5es e conte\u00fados em educa\u00e7\u00e3o para estudantes que desejam ser mais preparados e mais completos em todo o Brasil.\",\"breadcrumb\":{\"@id\":\"https:\/\/gonabee.com.br\/index.php\/pagina-de-agradecimento\/#breadcrumb\"},\"inLanguage\":\"pt-BR\",\"potentialAction\":[{\"@type\":\"ReadAction\",\"target\":[\"https:\/\/gonabee.com.br\/index.php\/pagina-de-agradecimento\/\"]}]},{\"@type\":\"ImageObject\",\"inLanguage\":\"pt-BR\",\"@id\":\"https:\/\/gonabee.com.br\/index.php\/pagina-de-agradecimento\/#primaryimage\",\"url\":\"https:\/\/gonabee.com.br\/wp-content\/uploads\/2019\/10\/gonabee1.png\",\"contentUrl\":\"https:\/\/gonabee.com.br\/wp-content\/uploads\/2019\/10\/gonabee1.png\",\"width\":1920,\"height\":1080},{\"@type\":\"BreadcrumbList\",\"@id\":\"https:\/\/gonabee.com.br\/index.php\/pagina-de-agradecimento\/#breadcrumb\",\"itemListElement\":[{\"@type\":\"ListItem\",\"position\":1,\"name\":\"In\u00edcio\",\"item\":\"https:\/\/gonabee.com.br\/\"},{\"@type\":\"ListItem\",\"position\":2,\"name\":\"P\u00e1gina de Agradecimento\"}]},{\"@type\":\"WebSite\",\"@id\":\"https:\/\/gonabee.com.br\/#website\",\"url\":\"https:\/\/gonabee.com.br\/\",\"name\":\"gonabee\",\"description\":\"Escola Digital\",\"publisher\":{\"@id\":\"https:\/\/gonabee.com.br\/#organization\"},\"potentialAction\":[{\"@type\":\"SearchAction\",\"target\":{\"@type\":\"EntryPoint\",\"urlTemplate\":\"https:\/\/gonabee.com.br\/?s={search_term_string}\"},\"query-input\":\"required name=search_term_string\"}],\"inLanguage\":\"pt-BR\"},{\"@type\":\"Organization\",\"@id\":\"https:\/\/gonabee.com.br\/#organization\",\"name\":\"gonabee Escola Digital\",\"url\":\"https:\/\/gonabee.com.br\/\",\"logo\":{\"@type\":\"ImageObject\",\"inLanguage\":\"pt-BR\",\"@id\":\"https:\/\/gonabee.com.br\/#\/schema\/logo\/image\/\",\"url\":\"https:\/\/gonabee.com.br\/wp-content\/uploads\/2019\/10\/gonabee.png\",\"contentUrl\":\"https:\/\/gonabee.com.br\/wp-content\/uploads\/2019\/10\/gonabee.png\",\"width\":1920,\"height\":1080,\"caption\":\"gonabee Escola Digital\"},\"image\":{\"@id\":\"https:\/\/gonabee.com.br\/#\/schema\/logo\/image\/\"},\"sameAs\":[\"https:\/\/www.facebook.com\/gonabeeEscolaDigital\/?modal=admin_todo_tour\",\"https:\/\/www.instagram.com\/?hl=pt-br\",\"https:\/\/www.youtube.com\/channel\/UCErsdzf4-XhnO1eF0-sPM4A?view_as=subscriber\"]}]}<\/script>\n<!-- \/ Yoast SEO plugin. -->","yoast_head_json":{"title":"P\u00e1gina de Agradecimento | gonabee","description":"A gonabee \u00e9 a \u00fanica escola digital que desenvolve solu\u00e7\u00f5es e conte\u00fados em educa\u00e7\u00e3o para estudantes que desejam ser mais preparados e mais completos em todo o Brasil.","robots":{"index":"index","follow":"follow","max-snippet":"max-snippet:-1","max-image-preview":"max-image-preview:large","max-video-preview":"max-video-preview:-1"},"canonical":"https:\/\/gonabee.com.br\/index.php\/pagina-de-agradecimento\/","og_locale":"pt_BR","og_type":"article","og_title":"P\u00e1gina de Agradecimento | gonabee","og_description":"A gonabee \u00e9 a \u00fanica escola digital que desenvolve solu\u00e7\u00f5es e conte\u00fados em educa\u00e7\u00e3o para estudantes que desejam ser mais preparados e mais completos em todo o Brasil.","og_url":"https:\/\/gonabee.com.br\/index.php\/pagina-de-agradecimento\/","og_site_name":"gonabee","article_publisher":"https:\/\/www.facebook.com\/gonabeeEscolaDigital\/?modal=admin_todo_tour","article_modified_time":"2020-05-04T22:43:22+00:00","og_image":[{"url":"https:\/\/gonabee.com.br\/wp-content\/uploads\/2019\/10\/gonabee1-1024x576.png"}],"twitter_card":"summary_large_image","twitter_misc":{"Est. tempo de leitura":"1 minuto"},"schema":{"@context":"https:\/\/schema.org","@graph":[{"@type":"WebPage","@id":"https:\/\/gonabee.com.br\/index.php\/pagina-de-agradecimento\/","url":"https:\/\/gonabee.com.br\/index.php\/pagina-de-agradecimento\/","name":"P\u00e1gina de Agradecimento | gonabee","isPartOf":{"@id":"https:\/\/gonabee.com.br\/#website"},"primaryImageOfPage":{"@id":"https:\/\/gonabee.com.br\/index.php\/pagina-de-agradecimento\/#primaryimage"},"image":{"@id":"https:\/\/gonabee.com.br\/index.php\/pagina-de-agradecimento\/#primaryimage"},"thumbnailUrl":"https:\/\/gonabee.com.br\/wp-content\/uploads\/2019\/10\/gonabee1-1024x576.png","datePublished":"2020-05-04T18:12:54+00:00","dateModified":"2020-05-04T22:43:22+00:00","description":"A gonabee \u00e9 a \u00fanica escola digital que desenvolve solu\u00e7\u00f5es e conte\u00fados em educa\u00e7\u00e3o para estudantes que desejam ser mais preparados e mais completos em todo o Brasil.","breadcrumb":{"@id":"https:\/\/gonabee.com.br\/index.php\/pagina-de-agradecimento\/#breadcrumb"},"inLanguage":"pt-BR","potentialAction":[{"@type":"ReadAction","target":["https:\/\/gonabee.com.br\/index.php\/pagina-de-agradecimento\/"]}]},{"@type":"ImageObject","inLanguage":"pt-BR","@id":"https:\/\/gonabee.com.br\/index.php\/pagina-de-agradecimento\/#primaryimage","url":"https:\/\/gonabee.com.br\/wp-content\/uploads\/2019\/10\/gonabee1.png","contentUrl":"https:\/\/gonabee.com.br\/wp-content\/uploads\/2019\/10\/gonabee1.png","width":1920,"height":1080},{"@type":"BreadcrumbList","@id":"https:\/\/gonabee.com.br\/index.php\/pagina-de-agradecimento\/#breadcrumb","itemListElement":[{"@type":"ListItem","position":1,"name":"In\u00edcio","item":"https:\/\/gonabee.com.br\/"},{"@type":"ListItem","position":2,"name":"P\u00e1gina de Agradecimento"}]},{"@type":"WebSite","@id":"https:\/\/gonabee.com.br\/#website","url":"https:\/\/gonabee.com.br\/","name":"gonabee","description":"Escola Digital","publisher":{"@id":"https:\/\/gonabee.com.br\/#organization"},"potentialAction":[{"@type":"SearchAction","target":{"@type":"EntryPoint","urlTemplate":"https:\/\/gonabee.com.br\/?s={search_term_string}"},"query-input":"required name=search_term_string"}],"inLanguage":"pt-BR"},{"@type":"Organization","@id":"https:\/\/gonabee.com.br\/#organization","name":"gonabee Escola Digital","url":"https:\/\/gonabee.com.br\/","logo":{"@type":"ImageObject","inLanguage":"pt-BR","@id":"https:\/\/gonabee.com.br\/#\/schema\/logo\/image\/","url":"https:\/\/gonabee.com.br\/wp-content\/uploads\/2019\/10\/gonabee.png","contentUrl":"https:\/\/gonabee.com.br\/wp-content\/uploads\/2019\/10\/gonabee.png","width":1920,"height":1080,"caption":"gonabee Escola Digital"},"image":{"@id":"https:\/\/gonabee.com.br\/#\/schema\/logo\/image\/"},"sameAs":["https:\/\/www.facebook.com\/gonabeeEscolaDigital\/?modal=admin_todo_tour","https:\/\/www.instagram.com\/?hl=pt-br","https:\/\/www.youtube.com\/channel\/UCErsdzf4-XhnO1eF0-sPM4A?view_as=subscriber"]}]}},"_links":{"self":[{"href":"https:\/\/gonabee.com.br\/index.php\/wp-json\/wp\/v2\/pages\/2442","targetHints":{"allow":["GET"]}}],"collection":[{"href":"https:\/\/gonabee.com.br\/index.php\/wp-json\/wp\/v2\/pages"}],"about":[{"href":"https:\/\/gonabee.com.br\/index.php\/wp-json\/wp\/v2\/types\/page"}],"author":[{"embeddable":true,"href":"https:\/\/gonabee.com.br\/index.php\/wp-json\/wp\/v2\/users\/1"}],"replies":[{"embeddable":true,"href":"https:\/\/gonabee.com.br\/index.php\/wp-json\/wp\/v2\/comments?post=2442"}],"version-history":[{"count":18,"href":"https:\/\/gonabee.com.br\/index.php\/wp-json\/wp\/v2\/pages\/2442\/revisions"}],"predecessor-version":[{"id":2464,"href":"https:\/\/gonabee.com.br\/index.php\/wp-json\/wp\/v2\/pages\/2442\/revisions\/2464"}],"wp:attachment":[{"href":"https:\/\/gonabee.com.br\/index.php\/wp-json\/wp\/v2\/media?parent=2442"}],"curies":[{"name":"wp","href":"https:\/\/api.w.org\/{rel}","templated":true}]}}